{"id":7178,"date":"2025-05-16T13:59:33","date_gmt":"2025-05-16T13:59:33","guid":{"rendered":"https:\/\/sg2i.com\/concilium\/?page_id=7178"},"modified":"2025-05-16T14:48:49","modified_gmt":"2025-05-16T14:48:49","slug":"politique-de-confidentialite","status":"publish","type":"page","link":"https:\/\/conciliumexpertise.com\/en\/politique-de-confidentialite\/","title":{"rendered":"Privacy policy"},"content":{"rendered":"<div data-elementor-type=\"wp-page\" data-elementor-id=\"7178\" class=\"elementor elementor-7178\">\n\t\t\t\t<div class=\"elementor-element elementor-element-2c6136b e-flex e-con-boxed e-con e-parent\" data-id=\"2c6136b\" data-element_type=\"container\" data-settings=\"{&quot;background_background&quot;:&quot;classic&quot;}\">\n\t\t\t\t\t<div class=\"e-con-inner\">\n\t\t\t\t<div class=\"elementor-element elementor-element-38f1aca line-sub-preset2 elementor-widget elementor-widget-ct_heading\" data-id=\"38f1aca\" data-element_type=\"widget\" data-widget_type=\"ct_heading.default\">\n\t\t\t\t<div class=\"elementor-widget-container\">\n\t\t\t\t\t<div id=\"ct_heading-38f1aca\" class=\"ct-heading h-align- sub-style1 ct-heading-left item-st-default\">\r\n\t<div class=\"ct-item--inner\">\r\n        <div class=\"ct-inline-css\"  data-css=\"            \">\r\n        <\/div>\r\n            \t\t<div class=\"item--sub-title style1 show-line\">\r\n                                                Update date: May 16, 2025                                                            <\/div>\r\n    \t        <h3 class=\"item--title st-default case-animate-time\" data-wow-delay=\"ms\">\r\n                        <span class=\"sp-main\">\r\n                \r\n                Privacy policy\n\r\n                \r\n                            <\/span>\r\n                    <\/h3>\r\n    <\/div>\r\n<\/div>\t\t\t\t<\/div>\n\t\t\t\t<\/div>\n\t\t\t\t<div class=\"elementor-element elementor-element-094c543 elementor-widget elementor-widget-text-editor\" data-id=\"094c543\" data-element_type=\"widget\" data-widget_type=\"text-editor.default\">\n\t\t\t\t<div class=\"elementor-widget-container\">\n\t\t\t\t\t\t\t\t\t<p>At <strong>CONCILIUM EXPERTISE<\/strong>, The confidentiality and protection of the personal data of our users, customers and partners are at the heart of our commitments. The purpose of this Privacy Policy is to provide you with transparent information on how we collect, use and protect your personal data, <strong>in accordance with law no. 09-08 promulgated by Dahir 1-09-15 of February 18, 2009<\/strong>.<\/p><ol><li style=\"color: #000000;\"><strong>Identity of the data controller<\/strong><\/li><\/ol><p>The website <a style=\"color: #be9a3b !important;\" href=\"https:\/\/\/en\/www.conciliumexpertise.com\/\">https:www.conciliumexpertise.com<\/a> is edited by <strong>CONCILIUM EXPERTISE<\/strong>, an accounting and auditing firm based in Casablanca. Any request relating to the management of your personal data may be addressed to : <strong>contact@conciliumexpertise.com<\/strong><\/p><ol start=\"2\"><li style=\"color: #000000;\"><strong>Collected data<\/strong><\/li><\/ol><p>During your browsing or interaction with our site, we may collect the following data:<\/p><p>Identity :<strong> last name, first name, position<\/strong><\/p><p>Contact details : <strong>e-mail address, telephone number<\/strong><\/p><p>Navigation data (<strong>IP address, cookies<\/strong>)<\/p><p>Information voluntarily transmitted via our contact or newsletter subscription forms<\/p><ol start=\"3\"><li style=\"color: #000000;\"><strong>Purposes of processing<\/strong><\/li><\/ol><p>The data collected is used for the following purposes:<\/p><p>Process and respond to your contact or information requests<\/p><p>Send you our news, publications and professional invitations (newsletter)<\/p><p>Manage and improve the performance of our website<\/p><p>Ensure site security and prevent any attempt at fraud or intrusion<\/p><ol start=\"4\"><li style=\"color: #000000;\"><strong>Legal basis for processing<\/strong><\/li><\/ol><p>Processing is based on your consent, which you expressly give by filling in the relevant forms.<\/p><ol start=\"5\"><li style=\"color: #000000;\"><strong>Shelf life<\/strong><\/li><\/ol><p>Your data will be kept for a maximum of 36 months from the date of your last contact or your unsubscription to the newsletter, unless otherwise required by law.<\/p><ol start=\"6\"><li style=\"color: #000000;\"><strong>Data recipients<\/strong><\/li><\/ol><p>Under no circumstances will data be sold or transferred to third parties for commercial purposes. It may be made available, under strict conditions, to :<\/p><p>Our authorized in-house staff<\/p><p>Our technical service providers involved in the hosting or operation of the site<\/p><p>Competent authorities in case of legal obligation<\/p><ol start=\"7\"><li style=\"color: #000000;\"><strong>Your rights<\/strong><\/li><\/ol><p><strong>In accordance with Law 09-08<\/strong>, vous disposez des droits suivants :<\/p><p>Right of access, rectification and deletion of your data<\/p><p>Right to oppose or withdraw your consent<\/p><p>The right to clear and transparent information on the use of your data<\/p><p>You may exercise these rights by sending a written request to the following address: <strong>contact@conciliumexpertise.com<\/strong><\/p><ol start=\"8\"><li style=\"color: #000000;\"><strong>Data security<\/strong><\/li><\/ol><p>We implement rigorous technical and organizational security measures to guarantee the confidentiality, integrity and availability of your personal data.<\/p><ol start=\"9\"><li style=\"color: #000000;\"><strong>Cookies<\/strong><\/li><\/ol><p>The website may use cookies to analyze navigation, improve site performance and provide a better user experience. You can deactivate cookies via your browser settings.<\/p>\t\t\t\t\t\t\t\t<\/div>\n\t\t\t\t<\/div>\n\t\t\t\t\t<\/div>\n\t\t\t\t<\/div>\n\t\t\t\t<\/div>","protected":false},"excerpt":{"rendered":"<p>Date de mise \u00e0 jour : 16 mai 2025 Politique de confidentialit\u00e9 Chez CONCILIUM EXPERTISE, la confidentialit\u00e9 et la protection des donn\u00e9es personnelles de nos utilisateurs, clients et partenaires sont au c\u0153ur de nos engagements. La pr\u00e9sente Politique de Confidentialit\u00e9 a pour objectif de vous informer, en toute transparence, sur les modalit\u00e9s de collecte, d\u2019utilisation [&hellip;]<\/p>","protected":false},"author":1,"featured_media":0,"parent":0,"menu_order":0,"comment_status":"closed","ping_status":"closed","template":"","meta":{"footnotes":""},"class_list":["post-7178","page","type-page","status-publish","hentry"],"aioseo_notices":[],"_links":{"self":[{"href":"https:\/\/conciliumexpertise.com\/en\/wp-json\/wp\/v2\/pages\/7178","targetHints":{"allow":["GET"]}}],"collection":[{"href":"https:\/\/conciliumexpertise.com\/en\/wp-json\/wp\/v2\/pages"}],"about":[{"href":"https:\/\/conciliumexpertise.com\/en\/wp-json\/wp\/v2\/types\/page"}],"author":[{"embeddable":true,"href":"https:\/\/conciliumexpertise.com\/en\/wp-json\/wp\/v2\/users\/1"}],"replies":[{"embeddable":true,"href":"https:\/\/conciliumexpertise.com\/en\/wp-json\/wp\/v2\/comments?post=7178"}],"version-history":[{"count":22,"href":"https:\/\/conciliumexpertise.com\/en\/wp-json\/wp\/v2\/pages\/7178\/revisions"}],"predecessor-version":[{"id":7215,"href":"https:\/\/conciliumexpertise.com\/en\/wp-json\/wp\/v2\/pages\/7178\/revisions\/7215"}],"wp:attachment":[{"href":"https:\/\/conciliumexpertise.com\/en\/wp-json\/wp\/v2\/media?parent=7178"}],"curies":[{"name":"wp","href":"https:\/\/api.w.org\/{rel}","templated":true}]}}