{"id":7167,"date":"2025-05-16T13:49:01","date_gmt":"2025-05-16T13:49:01","guid":{"rendered":"https:\/\/sg2i.com\/concilium\/?page_id=7167"},"modified":"2025-05-16T14:14:47","modified_gmt":"2025-05-16T14:14:47","slug":"conditions-generales-dutilisation","status":"publish","type":"page","link":"https:\/\/conciliumexpertise.com\/en\/conditions-generales-dutilisation\/","title":{"rendered":"Terms and conditions of use"},"content":{"rendered":"<div data-elementor-type=\"wp-page\" data-elementor-id=\"7167\" class=\"elementor elementor-7167\">\n\t\t\t\t<div class=\"elementor-element elementor-element-6960a95 e-flex e-con-boxed e-con e-parent\" data-id=\"6960a95\" data-element_type=\"container\" data-settings=\"{&quot;background_background&quot;:&quot;classic&quot;}\">\n\t\t\t\t\t<div class=\"e-con-inner\">\n\t\t\t\t<div class=\"elementor-element elementor-element-3cca00b line-sub-preset2 elementor-widget elementor-widget-ct_heading\" data-id=\"3cca00b\" data-element_type=\"widget\" data-widget_type=\"ct_heading.default\">\n\t\t\t\t<div class=\"elementor-widget-container\">\n\t\t\t\t\t<div id=\"ct_heading-3cca00b\" class=\"ct-heading h-align- sub-style1 ct-heading-left item-st-default\">\r\n\t<div class=\"ct-item--inner\">\r\n        <div class=\"ct-inline-css\"  data-css=\"            \">\r\n        <\/div>\r\n            \t\t<div class=\"item--sub-title style1 show-line\">\r\n                                                Update date: May 16, 2025                                                            <\/div>\r\n    \t        <h3 class=\"item--title st-default case-animate-time\" data-wow-delay=\"ms\">\r\n                        <span class=\"sp-main\">\r\n                \r\n                General Terms and Conditions of Use (GTCU)\n\r\n                \r\n                            <\/span>\r\n                    <\/h3>\r\n    <\/div>\r\n<\/div>\t\t\t\t<\/div>\n\t\t\t\t<\/div>\n\t\t\t\t<div class=\"elementor-element elementor-element-c76ffdf elementor-widget elementor-widget-text-editor\" data-id=\"c76ffdf\" data-element_type=\"widget\" data-widget_type=\"text-editor.default\">\n\t\t\t\t<div class=\"elementor-widget-container\">\n\t\t\t\t\t\t\t\t\t<p>Welcome to the official website of <strong>CONCILIUM EXPERTISE<\/strong>, available at <a style=\"color: #be9a3b !important;\">https:\/\/www.conciliumexpertise.com<\/a> (hereinafter \u201cthe Website\u201d). The purpose of this document is to define the terms and conditions of use of the Website, in compliance with the laws in force in the Kingdom of Morocco.<\/p><ol><li style=\"color: #000000;\"><strong> Acceptance and enforceability of the GTCU<\/strong><\/li><\/ol><p>Accessing, browsing and using the Website implies unreserved acceptance of these Terms and Conditions of Use. Any person accessing the Website is deemed to have read, understood and accepted the GTCU in their latest version.<br \/>The user is expressly informed that his consent is required for any active use, in particular when sending a contact form or subscribing to the newsletter.<\/p><ol start=\"2\"><li style=\"color: #000000;\"><strong> Service description<\/strong><\/li><\/ol><p>The purpose of the Website is :<\/p><ul><li>to present the expertise and services offered by <strong>CONCILIUM EXPERTISE<\/strong> (audit, tax, consulting, transactions, asset management);<\/li><li>share professional publications and firm news;<\/li><li>to enable contact via a secure form;<\/li><li>offer a targeted newsletter subscription service.<\/li><\/ul><p>These services are provided for information purposes only and do not constitute personalized legal, tax or financial advice.<\/p><ol start=\"3\"><li style=\"color: #000000;\"><strong> Commitments and responsibilities of the user<\/strong><\/li><\/ol><p>The user agrees to :<\/p><ul><li>not to disrupt the proper functioning of the Website;<\/li><li>not to introduce malicious or unsolicited content;<\/li><li>not to usurp the identity of a third party when transmitting information via forms.<\/li><\/ul><p>Any attempt to undermine the integrity or security of the Website may result in the removal of access or prosecution in accordance with Moroccan law.<\/p><ol start=\"4\"><li style=\"color: #000000;\"><strong> Intellectual property rights<\/strong><\/li><\/ol><p>All elements on the Website - texts, images, logos, videos, graphic charter, architecture - are protected by the Intellectual Property Code and applicable international conventions.<br \/>Any reproduction, modification or distribution, even partial, without the written authorization of <strong>CONCILIUM EXPERTISE<\/strong>is strictly forbidden and constitutes an infringement punishable by law.<\/p><ol start=\"5\"><li style=\"color: #000000;\"><strong> est strictement interdite et constitue une contrefa\u00e7on passible de sanctions p\u00e9nales.<\/strong><\/li><\/ol><p><strong>CONCILIUM EXPERTISE<\/strong> shall not be held liable for any consequences resulting from :<\/p><ul><li>temporary or permanent interruption of the Website;<\/li><li>technical incompatibility with your IT environment;<\/li><li>erroneous or obsolete information contained on the Website despite our efforts to keep it up to date;<\/li><li>fraudulent use of the data displayed by a third party.<\/li><\/ul><p>Users acknowledge that they use the Website under their sole responsibility.<\/p><ol start=\"6\"><li style=\"color: #000000;\"><strong> Hyperlinks<\/strong><\/li><\/ol><p>The Website may contain links to third-party sites, whether partner sites or not, for your convenience or for additional information. <strong>CONCILIUM EXPERTISE<\/strong> is not responsible for the content, privacy policy or security of these sites.<\/p><ol start=\"7\"><li style=\"color: #000000;\"><strong> Terms and conditions<\/strong><\/li><\/ol><p><strong>CONCILIUM EXPERTISE<\/strong> reserves the right to modify these GTCU  at any time. Any new version will be posted online with its date of update. It is the user's responsibility to consult this page regularly.<\/p><ol start=\"8\"><li style=\"color: #000000;\"><strong> Applicable law and jurisdiction<\/strong><\/li><\/ol><p>These GTCU  are governed by Moroccan law. In the event of litigation, and in the absence of amicable settlement, <span style=\"color: #000000;\"><strong>the Commercial Court of Casablanca<\/strong><\/span> shall have sole jurisdiction.<\/p>\t\t\t\t\t\t\t\t<\/div>\n\t\t\t\t<\/div>\n\t\t\t\t\t<\/div>\n\t\t\t\t<\/div>\n\t\t\t\t<\/div>","protected":false},"excerpt":{"rendered":"<p>Date de mise \u00e0 jour : 16 mai 2025 Conditions G\u00e9n\u00e9rales d\u2019Utilisation (CGU) Bienvenue sur le site officiel de CONCILIUM EXPERTISE, accessible \u00e0 l\u2019adresse https:\/\/www.conciliumexpertise.com (ci-apr\u00e8s \u00ab le Site \u00bb). Le pr\u00e9sent document a pour objet de d\u00e9finir les modalit\u00e9s et conditions d\u2019utilisation du Site, dans le respect des lois en vigueur au Royaume du [&hellip;]<\/p>","protected":false},"author":1,"featured_media":0,"parent":0,"menu_order":0,"comment_status":"closed","ping_status":"closed","template":"","meta":{"footnotes":""},"class_list":["post-7167","page","type-page","status-publish","hentry"],"aioseo_notices":[],"_links":{"self":[{"href":"https:\/\/conciliumexpertise.com\/en\/wp-json\/wp\/v2\/pages\/7167","targetHints":{"allow":["GET"]}}],"collection":[{"href":"https:\/\/conciliumexpertise.com\/en\/wp-json\/wp\/v2\/pages"}],"about":[{"href":"https:\/\/conciliumexpertise.com\/en\/wp-json\/wp\/v2\/types\/page"}],"author":[{"embeddable":true,"href":"https:\/\/conciliumexpertise.com\/en\/wp-json\/wp\/v2\/users\/1"}],"replies":[{"embeddable":true,"href":"https:\/\/conciliumexpertise.com\/en\/wp-json\/wp\/v2\/comments?post=7167"}],"version-history":[{"count":16,"href":"https:\/\/conciliumexpertise.com\/en\/wp-json\/wp\/v2\/pages\/7167\/revisions"}],"predecessor-version":[{"id":7195,"href":"https:\/\/conciliumexpertise.com\/en\/wp-json\/wp\/v2\/pages\/7167\/revisions\/7195"}],"wp:attachment":[{"href":"https:\/\/conciliumexpertise.com\/en\/wp-json\/wp\/v2\/media?parent=7167"}],"curies":[{"name":"wp","href":"https:\/\/api.w.org\/{rel}","templated":true}]}}