{"id":24,"date":"2019-10-30T08:04:10","date_gmt":"2019-10-30T08:04:10","guid":{"rendered":"https:\/\/demo.casethemes.net\/consultio-immigration\/?page_id=24"},"modified":"2025-06-24T14:28:48","modified_gmt":"2025-06-24T14:28:48","slug":"contact","status":"publish","type":"page","link":"https:\/\/conciliumexpertise.com\/en\/contact\/","title":{"rendered":"Contact"},"content":{"rendered":"<div data-elementor-type=\"wp-page\" data-elementor-id=\"24\" class=\"elementor elementor-24\">\n\t\t\t\t        <section class=\"elementor-section elementor-top-section elementor-element elementor-element-99fbaeb elementor-section-boxed elementor-section-height-default elementor-section-height-default ct-header-fixed-none ct-row-max-none\" data-id=\"99fbaeb\" data-element_type=\"section\">\n            \n                        <div class=\"elementor-container elementor-column-gap-extended\">\n                    <div class=\"elementor-column elementor-col-33 elementor-top-column elementor-element elementor-element-e818542\" data-id=\"e818542\" data-element_type=\"column\">\n        <div class=\"elementor-widget-wrap elementor-element-populated\">\n                    \n        \t\t<div class=\"elementor-element elementor-element-c8a2f48 elementor-widget elementor-widget-ct_fancy_box\" data-id=\"c8a2f48\" data-element_type=\"widget\" data-widget_type=\"ct_fancy_box.default\">\n\t\t\t\t<div class=\"elementor-widget-container\">\n\t\t\t\t\t<div class=\"ct-fancy-box ct-fancy-box-layout1 style1\" data-wow-delay=\"ms\">\r\n            <div class=\"item--icon\">\r\n            <span class=\"item--shape\"><\/span>\r\n            <i aria-hidden=\"true\" class=\"fas fa-map-marker-alt\"><\/i>                            <a class=\"item--link\" href=\"https:\/\/www.google.com\/maps?q=63,+bd+d\u2019Anfa,+angle+rue+Washington,+Residence+El+Said,+2\u00e8me+\u00e9tage+N\u00b014,+Casablanca,+Maroc\" target=\"_blank\"><\/a>\r\n                    <\/div>\r\n            <div class=\"item--holder\">\r\n                    <h3 class=\"item--title\">\r\n                Head office address :            <\/h3>\r\n                <div class=\"item--description\">63, bd d'Anfa, angle rue Washington, Residence El Said 2\u00e8me \u00e9tage N\u00b014 Casablanca, Morocco<\/div>\r\n    <\/div>\r\n<\/div>\t\t\t\t<\/div>\n\t\t\t\t<\/div>\n\t\t            <\/div>\n        <\/div>\n                <div class=\"elementor-column elementor-col-33 elementor-top-column elementor-element elementor-element-d5f3e79\" data-id=\"d5f3e79\" data-element_type=\"column\">\n        <div class=\"elementor-widget-wrap elementor-element-populated\">\n                    \n        \t\t<div class=\"elementor-element elementor-element-9e16110 elementor-widget elementor-widget-ct_fancy_box\" data-id=\"9e16110\" data-element_type=\"widget\" data-widget_type=\"ct_fancy_box.default\">\n\t\t\t\t<div class=\"elementor-widget-container\">\n\t\t\t\t\t<div class=\"ct-fancy-box ct-fancy-box-layout1 style1\" data-wow-delay=\"ms\">\r\n            <div class=\"item--icon\">\r\n            <span class=\"item--shape\"><\/span>\r\n            <i aria-hidden=\"true\" class=\"fas fa-phone-alt\"><\/i>                    <\/div>\r\n            <div class=\"item--holder\">\r\n                    <h3 class=\"item--title\">\r\n                Call for help:            <\/h3>\r\n                <div class=\"item--description\">+212 522 29 77 09<\/div>\r\n    <\/div>\r\n<\/div>\t\t\t\t<\/div>\n\t\t\t\t<\/div>\n\t\t            <\/div>\n        <\/div>\n                <div class=\"elementor-column elementor-col-33 elementor-top-column elementor-element elementor-element-729a4d3\" data-id=\"729a4d3\" data-element_type=\"column\">\n        <div class=\"elementor-widget-wrap elementor-element-populated\">\n                    \n        \t\t<div class=\"elementor-element elementor-element-485cc85 elementor-widget elementor-widget-ct_fancy_box\" data-id=\"485cc85\" data-element_type=\"widget\" data-widget_type=\"ct_fancy_box.default\">\n\t\t\t\t<div class=\"elementor-widget-container\">\n\t\t\t\t\t<div class=\"ct-fancy-box ct-fancy-box-layout1 style1\" data-wow-delay=\"ms\">\r\n            <div class=\"item--icon\">\r\n            <span class=\"item--shape\"><\/span>\r\n            <i aria-hidden=\"true\" class=\"fas fa-envelope\"><\/i>                    <\/div>\r\n            <div class=\"item--holder\">\r\n                    <h3 class=\"item--title\">\r\n                Email :            <\/h3>\r\n                <div class=\"item--description\">contact@conciliumexpertise.com<\/div>\r\n    <\/div>\r\n<\/div>\t\t\t\t<\/div>\n\t\t\t\t<\/div>\n\t\t            <\/div>\n        <\/div>\n                    <\/div>\n        <\/section>\n                <section class=\"elementor-section elementor-top-section elementor-element elementor-element-d8bdc5a elementor-section-boxed elementor-section-height-default elementor-section-height-default ct-header-fixed-none ct-row-max-none\" data-id=\"d8bdc5a\" data-element_type=\"section\">\n            \n                        <div class=\"elementor-container elementor-column-gap-extended\">\n                    <div class=\"elementor-column elementor-col-50 elementor-top-column elementor-element elementor-element-4c2fc51\" data-id=\"4c2fc51\" data-element_type=\"column\">\n        <div class=\"elementor-widget-wrap elementor-element-populated\">\n                    \n        \t\t<div class=\"elementor-element elementor-element-d6bfcba elementor-widget elementor-widget-ct_heading\" data-id=\"d6bfcba\" data-element_type=\"widget\" data-widget_type=\"ct_heading.default\">\n\t\t\t\t<div class=\"elementor-widget-container\">\n\t\t\t\t\t<div id=\"ct_heading-d6bfcba\" class=\"ct-heading h-align- sub- ct-heading-left item-st-line-top1\">\r\n\t<div class=\"ct-item--inner\">\r\n        <div class=\"ct-inline-css\"  data-css=\"            \">\r\n        <\/div>\r\n                <h3 class=\"item--title st-line-top1 case-animate-time\" data-wow-delay=\"ms\">\r\n                            <div class=\"ct-heading-divider\"><span><\/span><\/div>\r\n                        <span class=\"sp-main\">\r\n                \r\n                Consult our team of experts free of charge to solve your problems.\r\n                \r\n                            <\/span>\r\n                    <\/h3>\r\n    <\/div>\r\n<\/div>\t\t\t\t<\/div>\n\t\t\t\t<\/div>\n\t\t\t\t<div class=\"elementor-element elementor-element-f409baa elementor-widget elementor-widget-ct_ctf7\" data-id=\"f409baa\" data-element_type=\"widget\" data-widget_type=\"ct_ctf7.default\">\n\t\t\t\t<div class=\"elementor-widget-container\">\n\t\t\t\t\t    <div class=\"ct-contact-form-layout1 style12\">\r\n                <div class=\"ct-contact-form-inner\">\r\n        \t            <div class=\"ct-contact-form\">\r\n                \n<div class=\"wpcf7 no-js\" id=\"wpcf7-f5847-o1\" lang=\"fr-FR\" dir=\"ltr\" data-wpcf7-id=\"5847\">\n<div class=\"screen-reader-response\"><p role=\"status\" aria-live=\"polite\" aria-atomic=\"true\"><\/p> <ul><\/ul><\/div>\n<form action=\"\/en\/wp-json\/wp\/v2\/pages\/24#wpcf7-f5847-o1\" method=\"post\" class=\"wpcf7-form init cf7mls-no-scroll cf7mls-auto-return-first-step cf7mls-no-moving-animation\" aria-label=\"Formulaire de contact\" novalidate=\"novalidate\" data-status=\"init\" data-trp-original-action=\"\/en\/wp-json\/wp\/v2\/pages\/24#wpcf7-f5847-o1\">\n<div style=\"display: none;\">\n<input type=\"hidden\" name=\"_wpcf7\" value=\"5847\" \/>\n<input type=\"hidden\" name=\"_wpcf7_version\" value=\"6.0.6\" \/>\n<input type=\"hidden\" name=\"_wpcf7_locale\" value=\"fr_FR\" \/>\n<input type=\"hidden\" name=\"_wpcf7_unit_tag\" value=\"wpcf7-f5847-o1\" \/>\n<input type=\"hidden\" name=\"_wpcf7_container_post\" value=\"0\" \/>\n<input type=\"hidden\" name=\"_wpcf7_posted_data_hash\" value=\"\" \/>\n<\/div>\n<style>\n.form-flex {\n display: flex;\n gap: 1rem;\n flex-wrap: wrap;\n}\n\n.form-half {\n flex: 1 1 45%;\n}\n\n.form-full {\n width: 100%;\n margin-top: 1rem;\n}\n\n.wpcf7-form input,\n.wpcf7-form select,\n.wpcf7-form textarea {\n width: 100%;\n padding: 0.75rem;\n border: 1px solid #ccc;\n border-radius: 4px;\n background-color: #f6f7fb;\n font-size: 14px;\n box-sizing: border-box;\n}\n\n.wpcf7-form textarea {\n min-height: 100px;\n}\n\n.form-button {\n margin-top: 1.5rem;\n}\n\n.custom-submit {\n display: inline-flex;\n align-items: center;\n background: #c79d45;\n color: #fff;\n border: none;\n padding: 0px 50px;\n border-radius: 50px;\n font-weight: bold;\n box-shadow: 4px 4px 10px rgba(12, 12, 12, 0.1);\n transition: background 0.3s ease;\n}\n\n.custom-submit:hover {\n background: #b88e39;\n}\n<\/style>\n<div class=\"form-flex\">\n\t<div class=\"form-half\">\n\t\t<p><span class=\"wpcf7-form-control-wrap\" data-name=\"your-name\"><input size=\"40\" maxlength=\"400\" class=\"wpcf7-form-control wpcf7-text wpcf7-validates-as-required\" aria-required=\"true\" aria-invalid=\"false\" placeholder=\"First &amp; last name\" value=\"\" type=\"text\" name=\"your-name\" \/><\/span>\n\t\t<\/p>\n\t<\/div>\n\t<div class=\"form-half\">\n\t\t<p><span class=\"wpcf7-form-control-wrap\" data-name=\"tel-968\"><input size=\"40\" maxlength=\"400\" class=\"wpcf7-form-control wpcf7-tel wpcf7-validates-as-required wpcf7-text wpcf7-validates-as-tel\" aria-required=\"true\" aria-invalid=\"false\" placeholder=\"Phone number\" value=\"\" type=\"tel\" name=\"tel-968\" \/><\/span>\n\t\t<\/p>\n\t<\/div>\n<\/div>\n<div class=\"form-full\">\n\t<p><span class=\"wpcf7-form-control-wrap\" data-name=\"select-441\"><select class=\"wpcf7-form-control wpcf7-select wpcf7-validates-as-required\" aria-required=\"true\" aria-invalid=\"false\" name=\"select-441\"><option value=\"Choisissez un service\">Choose a service<\/option><option value=\"Audit\">Audit<\/option><option value=\"Expertise comptable\">Accounting expertise<\/option><option value=\"Tax\">Tax<\/option><option value=\"L\u00e9gal &amp; social\">L\u00e9gal &amp; social<\/option><option value=\"Consulting\">Consulting<\/option><option value=\"Transactions\">Transactions<\/option><\/select><\/span>\n\t<\/p>\n<\/div>\n<div class=\"form-full\">\n\t<p><span class=\"wpcf7-form-control-wrap\" data-name=\"your-message\"><textarea cols=\"40\" rows=\"10\" maxlength=\"2000\" class=\"wpcf7-form-control wpcf7-textarea\" aria-invalid=\"false\" placeholder=\"Message\" name=\"your-message\"><\/textarea><\/span>\n\t<\/p>\n<\/div>\n<div class=\"form-button\">\n\t<p><button type=\"submit\" class=\"custom-submit\"><br \/>\n<svg xmlns=\"http:\/\/www.w3.org\/2000\/svg\" width=\"16\" height=\"16\" fill=\"white\" viewbox=\"0 0 16 16\" style=\"vertical-align: middle; margin-right: 8px;\">\n      <path d=\"M15.854.146a.5.5 0 0 1 .11.54l-5.819 14.547a.75.75 0 0 1-1.329.124l-3.178-4.995L.643 7.184a.75.75 0 0 1 .124-1.33L15.314.037a.5.5 0 0 1 .54.11ZM6.636 10.07l2.761 4.338L14.13 2.576zm6.787-8.201L1.591 6.602l4.339 2.76z\"\/>\n    <\/svg> Submit<br \/>\n<\/button>\n\t<\/p>\n<\/div><div class=\"wpcf7-response-output\" aria-hidden=\"true\"><\/div>\n<input type=\"hidden\" name=\"trp-form-language\" value=\"en\"\/><\/form>\n<\/div>\n            <\/div>\r\n        <\/div>\r\n            <\/div>\r\n\t\t\t\t<\/div>\n\t\t\t\t<\/div>\n\t\t            <\/div>\n        <\/div>\n                <div class=\"elementor-column elementor-col-50 elementor-top-column elementor-element elementor-element-13f51f0 elementor-hidden-mobile\" data-id=\"13f51f0\" data-element_type=\"column\">\n        <div class=\"elementor-widget-wrap elementor-element-populated\">\n                    \n        \t\t<div class=\"elementor-element elementor-element-12c802c elementor-widget elementor-widget-image\" data-id=\"12c802c\" data-element_type=\"widget\" data-widget_type=\"image.default\">\n\t\t\t\t<div class=\"elementor-widget-container\">\n\t\t\t\t\t\t\t\t\t\t\t\t\t\t\t<img fetchpriority=\"high\" decoding=\"async\" width=\"1860\" height=\"2560\" src=\"https:\/\/conciliumexpertise.com\/wp-content\/uploads\/2025\/04\/Group-1000001842-scaled.png\" class=\"attachment-full size-full wp-image-6541\" alt=\"\" srcset=\"https:\/\/conciliumexpertise.com\/wp-content\/uploads\/2025\/04\/Group-1000001842-scaled.png 1860w, https:\/\/conciliumexpertise.com\/wp-content\/uploads\/2025\/04\/Group-1000001842-218x300.png 218w, https:\/\/conciliumexpertise.com\/wp-content\/uploads\/2025\/04\/Group-1000001842-744x1024.png 744w, https:\/\/conciliumexpertise.com\/wp-content\/uploads\/2025\/04\/Group-1000001842-768x1057.png 768w, https:\/\/conciliumexpertise.com\/wp-content\/uploads\/2025\/04\/Group-1000001842-1116x1536.png 1116w, https:\/\/conciliumexpertise.com\/wp-content\/uploads\/2025\/04\/Group-1000001842-1488x2048.png 1488w, https:\/\/conciliumexpertise.com\/wp-content\/uploads\/2025\/04\/Group-1000001842-600x826.png 600w\" sizes=\"(max-width: 1860px) 100vw, 1860px\" \/>\t\t\t\t\t\t\t\t\t\t\t\t\t\t\t<\/div>\n\t\t\t\t<\/div>\n\t\t            <\/div>\n        <\/div>\n                    <\/div>\n        <\/section>\n        <div class=\"elementor-element elementor-element-5dc7f9a e-flex e-con-boxed e-con e-parent\" data-id=\"5dc7f9a\" data-element_type=\"container\">\n\t\t\t\t\t<div class=\"e-con-inner\">\n\t\t\t\t<div class=\"elementor-element elementor-element-d678ba0 elementor-widget elementor-widget-google_maps\" data-id=\"d678ba0\" data-element_type=\"widget\" data-widget_type=\"google_maps.default\">\n\t\t\t\t<div class=\"elementor-widget-container\">\n\t\t\t\t\t\t\t<div class=\"elementor-custom-embed\">\n\t\t\t<iframe loading=\"lazy\"\n\t\t\t\t\tsrc=\"https:\/\/maps.google.com\/maps?q=33%C2%B035%2735.9%22N%207%C2%B037%2750.6%22W&#038;t=m&#038;z=15&#038;output=embed&#038;iwloc=near\"\n\t\t\t\t\ttitle=\"33\u00b035&#039;35.9&quot;N 7\u00b037&#039;50.6&quot;W\"\n\t\t\t\t\taria-label=\"33\u00b035&#039;35.9&quot;N 7\u00b037&#039;50.6&quot;W\"\n\t\t\t><\/iframe>\n\t\t<\/div>\n\t\t\t\t\t\t<\/div>\n\t\t\t\t<\/div>\n\t\t\t\t<div class=\"elementor-element elementor-element-5542a34 elementor-widget elementor-widget-spacer\" data-id=\"5542a34\" data-element_type=\"widget\" data-widget_type=\"spacer.default\">\n\t\t\t\t<div class=\"elementor-widget-container\">\n\t\t\t\t\t\t\t<div class=\"elementor-spacer\">\n\t\t\t<div class=\"elementor-spacer-inner\"><\/div>\n\t\t<\/div>\n\t\t\t\t\t\t<\/div>\n\t\t\t\t<\/div>\n\t\t\t\t\t<\/div>\n\t\t\t\t<\/div>\n\t\t\t\t<\/div>","protected":false},"excerpt":{"rendered":"<p>Adresse du si\u00e8ge social : 63, bd d\u2019Anfa, angle rue Washington, Residence El Said 2\u00e8me \u00e9tage N\u00b014 Casablanca, Morocco Appelez \u00e0 l&#8217;aide : +212 522 29 77 09 Email : contact@conciliumexpertise.com Consultez gratuitement notre \u00e9quipe d&#8217;experts pour r\u00e9soudre vos probl\u00e8mes. Choisissez un serviceAuditExpertise comptableTaxL\u00e9gal &amp; socialConsultingTransactions Envoyer<\/p>","protected":false},"author":1,"featured_media":0,"parent":0,"menu_order":0,"comment_status":"closed","ping_status":"closed","template":"","meta":{"footnotes":""},"class_list":["post-24","page","type-page","status-publish","hentry"],"aioseo_notices":[],"_links":{"self":[{"href":"https:\/\/conciliumexpertise.com\/en\/wp-json\/wp\/v2\/pages\/24","targetHints":{"allow":["GET"]}}],"collection":[{"href":"https:\/\/conciliumexpertise.com\/en\/wp-json\/wp\/v2\/pages"}],"about":[{"href":"https:\/\/conciliumexpertise.com\/en\/wp-json\/wp\/v2\/types\/page"}],"author":[{"embeddable":true,"href":"https:\/\/conciliumexpertise.com\/en\/wp-json\/wp\/v2\/users\/1"}],"replies":[{"embeddable":true,"href":"https:\/\/conciliumexpertise.com\/en\/wp-json\/wp\/v2\/comments?post=24"}],"version-history":[{"count":60,"href":"https:\/\/conciliumexpertise.com\/en\/wp-json\/wp\/v2\/pages\/24\/revisions"}],"predecessor-version":[{"id":7347,"href":"https:\/\/conciliumexpertise.com\/en\/wp-json\/wp\/v2\/pages\/24\/revisions\/7347"}],"wp:attachment":[{"href":"https:\/\/conciliumexpertise.com\/en\/wp-json\/wp\/v2\/media?parent=24"}],"curies":[{"name":"wp","href":"https:\/\/api.w.org\/{rel}","templated":true}]}}